{"id":3068,"date":"2021-09-25T14:49:40","date_gmt":"2021-09-25T11:49:40","guid":{"rendered":"https:\/\/www.mtecelik.com\/?page_id=3068"},"modified":"2022-10-10T15:17:17","modified_gmt":"2022-10-10T12:17:17","slug":"mte-celik-ana-sayfa","status":"publish","type":"page","link":"https:\/\/www.mtecelik.com\/ru\/","title":{"rendered":"MTE \u00c7EL\u0130K &#8211; Ana Sayfa"},"content":{"rendered":"\t\t<div data-elementor-type=\"wp-page\" data-elementor-id=\"3068\" class=\"elementor elementor-3068\" data-elementor-post-type=\"page\">\n\t\t\t\t\t\t<section class=\"elementor-section elementor-top-section elementor-element elementor-element-47a670a elementor-section-full_width elementor-section-height-default elementor-section-height-default\" data-id=\"47a670a\" data-element_type=\"section\">\n\t\t\t\t\t\t<div class=\"elementor-container elementor-column-gap-default\">\n\t\t\t\t\t<div class=\"elementor-column elementor-col-100 elementor-top-column elementor-element elementor-element-0c925a1\" data-id=\"0c925a1\" data-element_type=\"column\">\n\t\t\t<div class=\"elementor-widget-wrap elementor-element-populated\">\n\t\t\t\t\t\t<div class=\"elementor-section elementor-inner-section elementor-element elementor-element-711d25d elementor-section-boxed elementor-section-height-default elementor-section-height-default\" data-id=\"711d25d\" data-element_type=\"section\">\n\t\t\t\t\t\t<div class=\"elementor-container elementor-column-gap-default\">\n\t\t\t\t\t<div class=\"elementor-column elementor-col-50 elementor-inner-column elementor-element elementor-element-8530d76\" data-id=\"8530d76\" data-element_type=\"column\">\n\t\t\t<div class=\"elementor-widget-wrap elementor-element-populated\">\n\t\t\t\t\t\t<div class=\"elementor-element elementor-element-98069c1 elementor-invisible elementor-widget elementor-widget-bauen-title\" data-id=\"98069c1\" data-element_type=\"widget\" data-settings=\"{&quot;_animation&quot;:&quot;fadeInUp&quot;}\" data-widget_type=\"bauen-title.default\">\n\t\t\t\t<div class=\"elementor-widget-container\">\n\t\t\t\t\t\t\t\n\t\t\t\n\t\t\t\t\t\t<h1 class=\"section-title text-left\">MTE <span class=\"text-color-red\"> \u00c7EL\u0130K<\/span><\/h1>\n\t\t\t\t\n\t\t\t\t\t\t<p><p>Firmam\u0131z Mimar Tu\u011f\u00e7e Eraslan ve in\u015faat m\u00fchendisi Metin Eraslan taraf\u0131ndan 2016 y\u0131l\u0131nda Antalya'da kurulmu\u015ftur.<\/p><p>Faaliyet alanlar\u0131 aras\u0131nda site, apartman, daire, ofis, i\u015f yeri ve t\u00fcm ya\u015fam alanlar\u0131n\u0131n tadilat ve tamirat\u0131n\u0131 kapsar. Ayr\u0131ca \u00e7elik yap\u0131 firmam\u0131z statik hesap, proje, 3 boyut modelleme, imalat, montaj olarak anahtar teslimi hizmet sunmaktad\u0131r.<\/p><p>Konusunda uzman \u00e7\u00f6z\u00fcm ortaklar\u0131m\u0131zla birlikte size en uygun teklifi sunmak \u00fczere bizimle WhatsApp, mail veya telefon \u00fczerinden ileti\u015fime ge\u00e7ebilirsiniz.<\/p><\/p>\n\t\t\t\t\n        \n\t\t\t\n        \t\t\t\t<\/div>\n\t\t\t\t<\/div>\n\t\t\t\t\t<\/div>\n\t\t<\/div>\n\t\t\t\t<div class=\"elementor-column elementor-col-50 elementor-inner-column elementor-element elementor-element-7f12171\" data-id=\"7f12171\" data-element_type=\"column\">\n\t\t\t<div class=\"elementor-widget-wrap elementor-element-populated\">\n\t\t\t\t\t\t<div class=\"elementor-element elementor-element-c41c284 elementor-invisible elementor-widget elementor-widget-bauen-image\" data-id=\"c41c284\" data-element_type=\"widget\" data-settings=\"{&quot;_animation&quot;:&quot;fadeInUp&quot;}\" data-widget_type=\"bauen-image.default\">\n\t\t\t\t<div class=\"elementor-widget-container\">\n\t\t\t\t\t\t\t\n\t\t\t\n\t\t\n\t\t\t<div class=\"about\">\n\t\t\t\t<div class=\"about-img\">\n\t\t\t\t\t\t\t\t\n\t\t\t\t\t<div class=\"img\"> <img data-opt-id=834878257  fetchpriority=\"high\" decoding=\"async\" src=\"https:\/\/mlho53synypy.i.optimole.com\/w:auto\/h:auto\/q:mauto\/g:sm\/f:best\/id:ae2743c4a17948b3049dd0ff9f16bee9\/https:\/\/www.mtecelik.com\/about.jpg\" class=\"img-fluid\" alt=\"mte \u00e7elik hakk\u0131nda\"> <\/div>\n\t\t\t\t\t\t\t\t\t\t\n\t\t\t\t\t\t\t\t\t\t<div class=\"about-img-2 about-buro\">MTE \u00c7EL\u0130K<\/div>\n\t\t\t\t\t\t\t\t\t<\/div>\t\t\n\t\t\t<\/div>\t\n\n\t    \t\t\t\n\t\t\n\t\t\t\n        \t\t\t\t<\/div>\n\t\t\t\t<\/div>\n\t\t\t\t\t<\/div>\n\t\t<\/div>\n\t\t\t\t\t<\/div>\n\t\t<\/div>\n\t\t\t\t\t<\/div>\n\t\t<\/div>\n\t\t\t\t\t<\/div>\n\t\t<\/section>\n\t\t\t\t<section class=\"elementor-section elementor-top-section elementor-element elementor-element-8c24960 elementor-section-full_width elementor-section-height-default elementor-section-height-default\" data-id=\"8c24960\" data-element_type=\"section\">\n\t\t\t\t\t\t<div class=\"elementor-container elementor-column-gap-default\">\n\t\t\t\t\t<div class=\"elementor-column elementor-col-100 elementor-top-column elementor-element elementor-element-5b341b8\" data-id=\"5b341b8\" data-element_type=\"column\">\n\t\t\t<div class=\"elementor-widget-wrap elementor-element-populated\">\n\t\t\t\t\t\t<div class=\"elementor-section elementor-inner-section elementor-element elementor-element-4f2ab93 elementor-section-boxed elementor-section-height-default elementor-section-height-default\" data-id=\"4f2ab93\" data-element_type=\"section\">\n\t\t\t\t\t\t<div class=\"elementor-container elementor-column-gap-default\">\n\t\t\t\t\t<div class=\"elementor-column elementor-col-100 elementor-inner-column elementor-element elementor-element-0734642\" data-id=\"0734642\" data-element_type=\"column\">\n\t\t\t<div class=\"elementor-widget-wrap elementor-element-populated\">\n\t\t\t\t\t\t<div class=\"elementor-element elementor-element-4087a01 elementor-widget elementor-widget-bauen-title\" data-id=\"4087a01\" data-element_type=\"widget\" data-widget_type=\"bauen-title.default\">\n\t\t\t\t<div class=\"elementor-widget-container\">\n\t\t\t\t\t\t\t\n\t\t\t\n\t\t\t\t\t\t<h2 class=\"section-title text-left\">MTE \u00c7EL\u0130K - <span class=\"text-color-red\">Faaliyet Alanlar\u0131<\/span><\/h2>\n\t\t\t\t\n\t\t\t\t\n        \n\t\t\t\n        \t\t\t\t<\/div>\n\t\t\t\t<\/div>\n\t\t\t\t\t<\/div>\n\t\t<\/div>\n\t\t\t\t\t<\/div>\n\t\t<\/div>\n\t\t\t\t<div class=\"elementor-section elementor-inner-section elementor-element elementor-element-c8e0256 elementor-section-boxed elementor-section-height-default elementor-section-height-default\" data-id=\"c8e0256\" data-element_type=\"section\">\n\t\t\t\t\t\t<div class=\"elementor-container elementor-column-gap-default\">\n\t\t\t\t\t<div class=\"elementor-column elementor-col-33 elementor-inner-column elementor-element elementor-element-6539b6b\" data-id=\"6539b6b\" data-element_type=\"column\">\n\t\t\t<div class=\"elementor-widget-wrap elementor-element-populated\">\n\t\t\t\t\t\t<div class=\"elementor-element elementor-element-d797f1e elementor-widget elementor-widget-bauen-services\" data-id=\"d797f1e\" data-element_type=\"widget\" data-widget_type=\"bauen-services.default\">\n\t\t\t\t<div class=\"elementor-widget-container\">\n\t\t\t\t\t\n\t\t<div class=\"sec-services services\">\t\t\n\t\t\t<div class=\"item\">\n\t\t\t    \t\t\t\t<a href=\"https:\/\/www.mtecelik.com\/tadilat-tamirat\/\" target=\"_self\" rel=\"noopener noreferrer\">\n\t\t\t\t\t\n                    \t\t\t\t\t    <img data-opt-id=729095861  fetchpriority=\"high\" decoding=\"async\" src=\"https:\/\/mlho53synypy.i.optimole.com\/w:auto\/h:auto\/q:mauto\/g:sm\/f:best\/https:\/\/www.mtecelik.com\/wp-content\/uploads\/2021\/09\/6.png\" alt=\"\"> \n\t\t\t\t\t\t\n\t\t\t\t\t\t\t\t\t\t<h5>Tadilat & Tamirat<\/h5>\n\t\t\t\t\t\t\n\t\t\t\t\t<div class=\"line\"><\/div>\n\t\t\t\t\t\t\t\t\t\tAlan\u0131nda uzman, tasar\u0131m ve \u015fantiye ekibimizle, modern ve kaliteli, anahtar teslim tadilat ve s\u0131f\u0131rdan in\u015faat uygulama hizmetleri vermekteyiz.\t\t\t\t\t\t\n\t\t\t\t\t\t\t\t\t\t<div class=\"numb\">01<\/div>\n\t\t\t\t\t\t\t\t\t\t\n\t\t\t\t\t\t\t\t<\/a>\n\t\t\t\t\t\n\t\t\t<\/div>\t\n\t\t<\/div>\t\t\n\n        \t\t\t\t<\/div>\n\t\t\t\t<\/div>\n\t\t\t\t\t<\/div>\n\t\t<\/div>\n\t\t\t\t<div class=\"elementor-column elementor-col-33 elementor-inner-column elementor-element elementor-element-1c7375d\" data-id=\"1c7375d\" data-element_type=\"column\">\n\t\t\t<div class=\"elementor-widget-wrap elementor-element-populated\">\n\t\t\t\t\t\t<div class=\"elementor-element elementor-element-b7fd451 elementor-widget elementor-widget-bauen-services\" data-id=\"b7fd451\" data-element_type=\"widget\" data-widget_type=\"bauen-services.default\">\n\t\t\t\t<div class=\"elementor-widget-container\">\n\t\t\t\t\t\n\t\t<div class=\"sec-services services\">\t\t\n\t\t\t<div class=\"item\">\n\t\t\t    \t\t\t\t<a href=\"https:\/\/www.mtecelik.com\/test-muayene\/\" target=\"_self\" rel=\"noopener noreferrer\">\n\t\t\t\t\t\n                    \t\t\t\t\t    <img data-opt-id=1855898758  fetchpriority=\"high\" decoding=\"async\" src=\"https:\/\/mlho53synypy.i.optimole.com\/w:auto\/h:auto\/q:mauto\/g:sm\/f:best\/https:\/\/www.mtecelik.com\/wp-content\/uploads\/2021\/09\/icon-1.png\" alt=\"\"> \n\t\t\t\t\t\t\n\t\t\t\t\t\t\t\t\t\t<h5>\u00c7elik Yap\u0131lar<\/h5>\n\t\t\t\t\t\t\n\t\t\t\t\t<div class=\"line\"><\/div>\n\t\t\t\t\t\t\t\t\t\t\u00c7elik yap\u0131lar\u0131n, alan\u0131nda uzman ekipler taraf\u0131ndan dizayn, statik hesap, 3D modelleme, planlama, imalat ve montaj hizmetlerini vermekteyiz.\t\t\t\t\t\t\n\t\t\t\t\t\t\t\t\t\t<div class=\"numb\">02<\/div>\n\t\t\t\t\t\t\t\t\t\t\n\t\t\t\t\t\t\t\t<\/a>\n\t\t\t\t\t\n\t\t\t<\/div>\t\n\t\t<\/div>\t\t\n\n        \t\t\t\t<\/div>\n\t\t\t\t<\/div>\n\t\t\t\t\t<\/div>\n\t\t<\/div>\n\t\t\t\t<div class=\"elementor-column elementor-col-33 elementor-inner-column elementor-element elementor-element-9c8b21b\" data-id=\"9c8b21b\" data-element_type=\"column\">\n\t\t\t<div class=\"elementor-widget-wrap elementor-element-populated\">\n\t\t\t\t\t\t<div class=\"elementor-element elementor-element-640915a elementor-widget elementor-widget-bauen-services\" data-id=\"640915a\" data-element_type=\"widget\" data-widget_type=\"bauen-services.default\">\n\t\t\t\t<div class=\"elementor-widget-container\">\n\t\t\t\t\t\n\t\t<div class=\"sec-services services\">\t\t\n\t\t\t<div class=\"item\">\n\t\t\t    \t\t\t\t<a href=\"https:\/\/www.mtecelik.com\/test-muayene\/\" target=\"_self\" rel=\"noopener noreferrer\">\n\t\t\t\t\t\n                    \t\t\t\t\t    <img data-opt-id=1558942200  data-opt-src=\"https:\/\/mlho53synypy.i.optimole.com\/w:auto\/h:auto\/q:mauto\/g:sm\/f:best\/https:\/\/www.mtecelik.com\/wp-content\/uploads\/2021\/09\/icon-2.png\"  decoding=\"async\" src=\"https:\/\/mlho53synypy.i.optimole.com\/w:auto\/h:auto\/q:eco\/g:sm\/f:best\/https:\/\/www.mtecelik.com\/wp-content\/uploads\/2021\/09\/icon-2.png\" alt=\"\"> \n\t\t\t\t\t\t\n\t\t\t\t\t\t\t\t\t\t<h5>Test Muayene & U.A Belgelendirme<\/h5>\n\t\t\t\t\t\t\n\t\t\t\t\t<div class=\"line\"><\/div>\n\t\t\t\t\t\t\t\t\t\t<p>Mimari alanda NDT, ultrasonic test, manyetik par\u00e7ac\u0131k testi, boya &amp; kaplama inspekt\u00f6rl\u00fc\u011f\u00fc, malzeme kalite test hizmeti ve uluslararas\u0131 belgelendirme hizmeti vermekteyiz.\u00a0<\/p>\t\t\t\t\t\t\n\t\t\t\t\t\t\t\t\t\t<div class=\"numb\">03<\/div>\n\t\t\t\t\t\t\t\t\t\t\n\t\t\t\t\t\t\t\t<\/a>\n\t\t\t\t\t\n\t\t\t<\/div>\t\n\t\t<\/div>\t\t\n\n        \t\t\t\t<\/div>\n\t\t\t\t<\/div>\n\t\t\t\t\t<\/div>\n\t\t<\/div>\n\t\t\t\t\t<\/div>\n\t\t<\/div>\n\t\t\t\t\t<\/div>\n\t\t<\/div>\n\t\t\t\t\t<\/div>\n\t\t<\/section>\n\t\t\t\t<section class=\"elementor-section elementor-top-section elementor-element elementor-element-f6c2f23 elementor-section-full_width elementor-section-height-default elementor-section-height-default\" data-id=\"f6c2f23\" data-element_type=\"section\">\n\t\t\t\t\t\t<div class=\"elementor-container elementor-column-gap-no\">\n\t\t\t\t\t<div class=\"elementor-column elementor-col-100 elementor-top-column elementor-element elementor-element-5faae28\" data-id=\"5faae28\" data-element_type=\"column\">\n\t\t\t<div class=\"elementor-widget-wrap elementor-element-populated\">\n\t\t\t\t\t\t<div class=\"elementor-element elementor-element-231a772 elementor-widget elementor-widget-google_maps\" data-id=\"231a772\" data-element_type=\"widget\" data-widget_type=\"google_maps.default\">\n\t\t\t\t<div class=\"elementor-widget-container\">\n\t\t\t\t\t\t\t<div class=\"elementor-custom-embed\">\n\t\t\t<iframe loading=\"lazy\"\n\t\t\t\t\tsrc=\"https:\/\/maps.google.com\/maps?q=Remel%20Plaza%20Etiler%20Mah.%20Evliya%20%C3%87elebi%20Cad.&#038;t=m&#038;z=10&#038;output=embed&#038;iwloc=near\"\n\t\t\t\t\ttitle=\"Remel Plaza Etiler Mah. Evliya \u00c7elebi Cad.\"\n\t\t\t\t\taria-label=\"Remel Plaza Etiler Mah. Evliya \u00c7elebi Cad.\"\n\t\t\t><\/iframe>\n\t\t<\/div>\n\t\t\t\t\t\t<\/div>\n\t\t\t\t<\/div>\n\t\t\t\t\t<\/div>\n\t\t<\/div>\n\t\t\t\t\t<\/div>\n\t\t<\/section>\n\t\t\t\t<\/div>\n\t\t","protected":false},"excerpt":{"rendered":"<p>MTE \u00c7EL\u0130K Firmam\u0131z Mimar Tu\u011f\u00e7e Eraslan ve in\u015faat m\u00fchendisi Metin Eraslan taraf\u0131ndan 2016 y\u0131l\u0131nda Antalya&#8217;da kurulmu\u015ftur. Faaliyet alanlar\u0131 aras\u0131nda site, apartman, daire, ofis, i\u015f yeri ve t\u00fcm ya\u015fam alanlar\u0131n\u0131n tadilat ve tamirat\u0131n\u0131 kapsar. Ayr\u0131ca \u00e7elik yap\u0131 firmam\u0131z statik hesap, proje, 3 boyut modelleme, imalat, montaj olarak anahtar teslimi hizmet sunmaktad\u0131r. Konusunda uzman \u00e7\u00f6z\u00fcm ortaklar\u0131m\u0131zla birlikte size en uygun teklifi sunmak&#8230;<\/p>\n","protected":false},"author":1,"featured_media":0,"parent":0,"menu_order":0,"comment_status":"closed","ping_status":"closed","template":"","meta":{"footnotes":"","_links_to":"","_links_to_target":""},"class_list":["post-3068","page","type-page","status-publish","hentry"],"_links":{"self":[{"href":"https:\/\/www.mtecelik.com\/ru\/wp-json\/wp\/v2\/pages\/3068","targetHints":{"allow":["GET"]}}],"collection":[{"href":"https:\/\/www.mtecelik.com\/ru\/wp-json\/wp\/v2\/pages"}],"about":[{"href":"https:\/\/www.mtecelik.com\/ru\/wp-json\/wp\/v2\/types\/page"}],"author":[{"embeddable":true,"href":"https:\/\/www.mtecelik.com\/ru\/wp-json\/wp\/v2\/users\/1"}],"replies":[{"embeddable":true,"href":"https:\/\/www.mtecelik.com\/ru\/wp-json\/wp\/v2\/comments?post=3068"}],"version-history":[{"count":2,"href":"https:\/\/www.mtecelik.com\/ru\/wp-json\/wp\/v2\/pages\/3068\/revisions"}],"predecessor-version":[{"id":3070,"href":"https:\/\/www.mtecelik.com\/ru\/wp-json\/wp\/v2\/pages\/3068\/revisions\/3070"}],"wp:attachment":[{"href":"https:\/\/www.mtecelik.com\/ru\/wp-json\/wp\/v2\/media?parent=3068"}],"curies":[{"name":"wp","href":"https:\/\/api.w.org\/{rel}","templated":true}]}}